{"id":90,"date":"2016-02-23T22:50:41","date_gmt":"2016-02-23T21:50:41","guid":{"rendered":"http:\/\/www.katzundmaus.ch\/?page_id=90"},"modified":"2025-01-22T22:30:15","modified_gmt":"2025-01-22T21:30:15","slug":"typografie","status":"publish","type":"page","link":"https:\/\/www.katzundmaus.ch\/","title":{"rendered":"Im N\u00fct vo niene."},"content":{"rendered":"\n<p>Hier ist nichts. Dies war meine Test-Seite f\u00fcr Webprojekte ab ungef\u00e4hr den 2000er Jahren. Nun dient sie mir vorl\u00e4ufig als Lieferant f\u00fcr meine coole Mail-Adresse. <\/p>\n\n\n\n<p>Falls du ein tolles Grafikprojekt realisieren m\u00f6chtest, schreib mir gern. <\/p>\n\n\n\n<p><\/p>\n","protected":false},"excerpt":{"rendered":"<p>Hier ist nichts. Dies war meine Test-Seite f\u00fcr Webprojekte ab ungef\u00e4hr den 2000er Jahren. Nun dient sie mir vorl\u00e4ufig als Lieferant f\u00fcr meine coole Mail-Adresse. Falls du ein tolles Grafikprojekt realisieren m\u00f6chtest, schreib mir gern.<\/p>\n","protected":false},"author":2,"featured_media":0,"parent":0,"menu_order":0,"comment_status":"closed","ping_status":"closed","template":"","meta":{"_monsterinsights_skip_tracking":false,"_monsterinsights_sitenote_active":false,"_monsterinsights_sitenote_note":"","_monsterinsights_sitenote_category":0,"footnotes":""},"class_list":["post-90","page","type-page","status-publish","hentry"],"_links":{"self":[{"href":"https:\/\/www.katzundmaus.ch\/index.php?rest_route=\/wp\/v2\/pages\/90","targetHints":{"allow":["GET"]}}],"collection":[{"href":"https:\/\/www.katzundmaus.ch\/index.php?rest_route=\/wp\/v2\/pages"}],"about":[{"href":"https:\/\/www.katzundmaus.ch\/index.php?rest_route=\/wp\/v2\/types\/page"}],"author":[{"embeddable":true,"href":"https:\/\/www.katzundmaus.ch\/index.php?rest_route=\/wp\/v2\/users\/2"}],"replies":[{"embeddable":true,"href":"https:\/\/www.katzundmaus.ch\/index.php?rest_route=%2Fwp%2Fv2%2Fcomments&post=90"}],"version-history":[{"count":27,"href":"https:\/\/www.katzundmaus.ch\/index.php?rest_route=\/wp\/v2\/pages\/90\/revisions"}],"predecessor-version":[{"id":222,"href":"https:\/\/www.katzundmaus.ch\/index.php?rest_route=\/wp\/v2\/pages\/90\/revisions\/222"}],"wp:attachment":[{"href":"https:\/\/www.katzundmaus.ch\/index.php?rest_route=%2Fwp%2Fv2%2Fmedia&parent=90"}],"curies":[{"name":"wp","href":"https:\/\/api.w.org\/{rel}","templated":true}]}}